{"id":2,"date":"2022-07-26T11:58:29","date_gmt":"2022-07-26T11:58:29","guid":{"rendered":"http:\/\/localhost\/wordpress\/?page_id=2"},"modified":"2023-11-27T07:39:28","modified_gmt":"2023-11-27T07:39:28","slug":"sample-page","status":"publish","type":"page","link":"https:\/\/www.klubmn.cz\/?page_id=2","title":{"rendered":"Kontakty"},"content":{"rendered":"<p><strong>Klub motoristick\u00fdch novin\u00e1\u0159\u016f<\/strong><br \/>\nSenov\u00e1\u017en\u00e9 n\u00e1m\u011bst\u00ed 23<br \/>\nPraha 1<br \/>\nPS\u010c 110 00<br \/>\n<a href=\"mailto:info@czkmn.cz\">info@czkmn.cz<\/a><\/p>\n<div class=\"bo\">\n<p><strong>Veden\u00ed KMN:<\/strong><br \/>\nMichal Busta\u00a0&#8211; p\u0159eseda<br \/>\nLuk\u00e1\u0161 Vaverka &#8211; m\u00edstop\u0159edseda<\/p>\n<p><strong>\u010clenov\u00e9 v\u00fdboru KMN<\/strong><strong>:<\/strong><\/p>\n<p class=\"xmprfx_MsoNormal\">Busta Michal<\/p>\n<p class=\"xmprfx_MsoNormal\">Tom\u00ed\u0161ek Marek<\/p>\n<p class=\"xmprfx_MsoNormal\">Pol\u00e1\u010dek Roman<\/p>\n<p class=\"xmprfx_MsoNormal\">Dolej\u0161 Vladim\u00edr<\/p>\n<p class=\"xmprfx_MsoNormal\">Srpov\u00e1 Eva<\/p>\n<p class=\"xmprfx_MsoNormal\">Vaverka Luk\u00e1\u0161<\/p>\n<\/div>\n<p>&nbsp;<\/p>\n<p><strong>Webmaster<\/strong> &#8211; Erich Handl<\/p>\n","protected":false},"excerpt":{"rendered":"<p>Klub motoristick\u00fdch novin\u00e1\u0159\u016f Senov\u00e1\u017en\u00e9 n\u00e1m\u011bst\u00ed 23 Praha 1 PS\u010c 110 00 info@czkmn.cz Veden\u00ed KMN: Michal&#8230;<\/p>\n","protected":false},"author":1,"featured_media":0,"parent":0,"menu_order":0,"comment_status":"closed","ping_status":"open","template":"","meta":{"footnotes":""},"class_list":["post-2","page","type-page","status-publish","hentry"],"_links":{"self":[{"href":"https:\/\/www.klubmn.cz\/index.php?rest_route=\/wp\/v2\/pages\/2","targetHints":{"allow":["GET"]}}],"collection":[{"href":"https:\/\/www.klubmn.cz\/index.php?rest_route=\/wp\/v2\/pages"}],"about":[{"href":"https:\/\/www.klubmn.cz\/index.php?rest_route=\/wp\/v2\/types\/page"}],"author":[{"embeddable":true,"href":"https:\/\/www.klubmn.cz\/index.php?rest_route=\/wp\/v2\/users\/1"}],"replies":[{"embeddable":true,"href":"https:\/\/www.klubmn.cz\/index.php?rest_route=%2Fwp%2Fv2%2Fcomments&post=2"}],"version-history":[{"count":5,"href":"https:\/\/www.klubmn.cz\/index.php?rest_route=\/wp\/v2\/pages\/2\/revisions"}],"predecessor-version":[{"id":84,"href":"https:\/\/www.klubmn.cz\/index.php?rest_route=\/wp\/v2\/pages\/2\/revisions\/84"}],"wp:attachment":[{"href":"https:\/\/www.klubmn.cz\/index.php?rest_route=%2Fwp%2Fv2%2Fmedia&parent=2"}],"curies":[{"name":"wp","href":"https:\/\/api.w.org\/{rel}","templated":true}]}}