{"id":38,"date":"2023-11-07T20:05:19","date_gmt":"2023-11-07T20:05:19","guid":{"rendered":"http:\/\/www.klubmn.cz\/?page_id=38"},"modified":"2023-11-07T20:05:19","modified_gmt":"2023-11-07T20:05:19","slug":"eticky-kodex","status":"publish","type":"page","link":"https:\/\/www.klubmn.cz\/?page_id=38","title":{"rendered":"Etick\u00fd kodex"},"content":{"rendered":"<p><strong><span lang=\"EN\">Etick\u00fd kodex \u010dlen\u016f KMN<\/p>\n<p>Klub motoristick\u00fdch novin\u00e1\u0159\u016f<\/span><\/strong><span lang=\"CS\"> na z\u00e1klad\u011b sv\u00e9ho profesn\u00edho zam\u011b\u0159en\u00ed vypracoval &#8222;<strong>Etick\u00fd kodex motoristick\u00e9ho novin\u00e1\u0159e&#8220;<\/strong>, kter\u00fd je\u00a0pro jeho \u010dleny z\u00e1vazn\u00fd.<\/p>\n<p><strong>Motoristick\u00fd novin\u00e1\u0159 reprezentuje nejen sv\u016fj klub, ale i odborn\u00e9 znalosti a mravn\u00ed kodex novin\u00e1\u0159e. A proto:<\/strong><\/span><br \/>\n-Zve\u0159ej\u0148uje jen informace, jejich\u017e p\u016fvod je zn\u00e1m; v opa\u010dn\u00e9m p\u0159\u00edpad\u011b je nutn\u00e9 zm\u00ednit nezbytn\u00e9 v\u00fdhrady.<br \/>\n&#8211; Respektuje pravdu bez ohledu na d\u016fsledky, kter\u00e9 to pro n\u011bj m\u016f\u017ee m\u00edt, vyhled\u00e1v\u00e1 informace, kter\u00e9 slou\u017e\u00ed v\u0161eobecn\u00e9mu z\u00e1jmu, i p\u0159es p\u0159ek\u00e1\u017eky.<br \/>\n&#8211; Db\u00e1 na rozli\u0161ov\u00e1n\u00ed fakt\u016f od osobn\u00edch n\u00e1zor\u016f.<br \/>\n&#8211; Odm\u00edt\u00e1 jak\u00fdkoli n\u00e1tlak na zve\u0159ejn\u011bn\u00ed nepravdiv\u00e9, nebo jen \u010d\u00e1ste\u010dn\u011b pravdiv\u00e9 informace.<br \/>\n&#8211; Nepou\u017e\u00edv\u00e1 nepoctiv\u00e9 prost\u0159edky k z\u00edsk\u00e1n\u00ed informace, fotografie nebo dokumentu a nevyu\u017e\u00edv\u00e1 k tomu dobr\u00e9 v\u00edry kohokoliv. Nepoctivost prost\u0159edk\u016f je p\u0159i tom t\u0159eba posuzovat v souvislosti s ve\u0159ejn\u00fdm z\u00e1jmem na publikov\u00e1n\u00ed p\u0159\u00edslu\u0161n\u00e9 informace.<br \/>\n&#8211; Vylou\u010d\u00ed v\u0161echny \u010dinnosti, kter\u00e9 by jej mohly kompromitovat nebo v\u00e9st ke konfliktu z\u00e1jm\u016f. Nesm\u00ed ve sv\u016fj prosp\u011bch vyu\u017e\u00edvat informace z\u00edskan\u00e9 p\u0159i v\u00fdkonu povol\u00e1n\u00ed d\u0159\u00edve, ne\u017e budou zve\u0159ejn\u011bny.<br \/>\n&#8211; Nezneu\u017e\u00edv\u00e1 v\u00fdsad plynouc\u00edch z povol\u00e1n\u00ed novin\u00e1\u0159e k prezentov\u00e1n\u00ed sv\u00fdch osobn\u00edch postoj\u016f, vyjma text\u016f ozna\u010den\u00fdch jako koment\u00e1\u0159.<br \/>\n&#8211; Nezneu\u017e\u00edv\u00e1 mo\u017en\u00fdch v\u00fdhod plynouc\u00edch z \u010dlenstv\u00ed v Klubu motoristick\u00fdch novin\u00e1\u0159\u016f.<br \/>\n&#8211; Nepublikuje materi\u00e1ly, kter\u00e9 jsou \u00famysln\u011b v rozporu s pravidly silni\u010dn\u00edho provozu.<br \/>\n&#8211; Nepublikuje pod sv\u00fdm jm\u00e9nem opsan\u00e9 nebo upraven\u00e9 \u010dl\u00e1nky jin\u00fdch koleg\u016f. P\u0159evz\u00edt text mo\u017en\u00e9 je, ale pouze s p\u0159edchoz\u00edm souhlasem autora a s uveden\u00edm zdroje.<br \/>\n&#8211; Nep\u0159ij\u00edm\u00e1 \u00faplatky, dary, nebo pozv\u00e1n\u00ed na akce, kter\u00e9 nemaj\u00ed profesn\u00ed souvislost a kter\u00e9 lze za \u00faplatky pova\u017eovat. \u00daplatkem lze rozum\u011bt hodnotu, kter\u00e1 m\u016f\u017ee b\u00fdt vykl\u00e1d\u00e1na jako zisk neopr\u00e1vn\u011bn\u00e9 v\u00fdhody.<br \/>\n&#8211; V\u00fdrazn\u011b odli\u0161uje inzerci a jin\u00e9 aktivity PR od klasick\u00e9 redak\u010dn\u00ed pr\u00e1ce v m\u00e9di\u00edch.<br \/>\n&#8211; K test\u016fm zap\u016fj\u010den\u00e1 vozidla vrac\u00ed v dohodnut\u00fd \u010das a v p\u0159edepsan\u00e9m stavu. V\u017edy informuje zap\u016fj\u010ditele o z\u00e1vad\u00e1ch i skryt\u00fdch po\u0161kozen\u00edch. P\u0159\u00edpadn\u00e9 nestandardn\u00ed vyu\u017eit\u00ed testovac\u00edho automobilu (okruhy, testy v n\u00e1ro\u010dn\u00e9m ter\u00e9nu, zahrani\u010dn\u00ed cesty) si p\u0159edem domluv\u00ed.<\/p>\n<p>&#8211; Dodr\u017euje z\u00e1sady bezpe\u010dn\u00e9 j\u00edzdy.<\/p>\n<p>&#8211; Nepo\u0161kozuje dobr\u00e9 jm\u00e9no povol\u00e1n\u00ed motoristick\u00e9ho novin\u00e1\u0159e a KMN, nap\u0159\u00edklad agresivn\u00ed j\u00edzdou \u010di ohro\u017eov\u00e1n\u00edm ostatn\u00edch \u00fa\u010dastn\u00edk\u016f provozu.<\/p>\n<p>&#8211;\u00a0M\u00e1 v\u017edy na pam\u011bti, \u017ee povol\u00e1n\u00ed motoristick\u00e9ho novin\u00e1\u0159e je pr\u00e9miovou profes\u00ed, a proto db\u00e1 ka\u017ed\u00fdm sv\u00fdm po\u010d\u00edn\u00e1n\u00edm o r\u016fst jej\u00ed presti\u017ee. D\u016fstojn\u011b reprezentuje dobr\u00e9 jm\u00e9no KMN.<\/p>\n","protected":false},"excerpt":{"rendered":"<p>Etick\u00fd kodex \u010dlen\u016f KMN Klub motoristick\u00fdch novin\u00e1\u0159\u016f na z\u00e1klad\u011b sv\u00e9ho profesn\u00edho zam\u011b\u0159en\u00ed vypracoval &#8222;Etick\u00fd kodex&#8230;<\/p>\n","protected":false},"author":1,"featured_media":0,"parent":0,"menu_order":0,"comment_status":"closed","ping_status":"closed","template":"","meta":{"footnotes":""},"class_list":["post-38","page","type-page","status-publish","hentry"],"_links":{"self":[{"href":"https:\/\/www.klubmn.cz\/index.php?rest_route=\/wp\/v2\/pages\/38","targetHints":{"allow":["GET"]}}],"collection":[{"href":"https:\/\/www.klubmn.cz\/index.php?rest_route=\/wp\/v2\/pages"}],"about":[{"href":"https:\/\/www.klubmn.cz\/index.php?rest_route=\/wp\/v2\/types\/page"}],"author":[{"embeddable":true,"href":"https:\/\/www.klubmn.cz\/index.php?rest_route=\/wp\/v2\/users\/1"}],"replies":[{"embeddable":true,"href":"https:\/\/www.klubmn.cz\/index.php?rest_route=%2Fwp%2Fv2%2Fcomments&post=38"}],"version-history":[{"count":1,"href":"https:\/\/www.klubmn.cz\/index.php?rest_route=\/wp\/v2\/pages\/38\/revisions"}],"predecessor-version":[{"id":39,"href":"https:\/\/www.klubmn.cz\/index.php?rest_route=\/wp\/v2\/pages\/38\/revisions\/39"}],"wp:attachment":[{"href":"https:\/\/www.klubmn.cz\/index.php?rest_route=%2Fwp%2Fv2%2Fmedia&parent=38"}],"curies":[{"name":"wp","href":"https:\/\/api.w.org\/{rel}","templated":true}]}}